{"id":152,"date":"2023-09-12T11:04:02","date_gmt":"2023-09-12T09:04:02","guid":{"rendered":"https:\/\/pscoatings.nl\/?page_id=152"},"modified":"2023-09-12T11:04:02","modified_gmt":"2023-09-12T09:04:02","slug":"antislipvloer","status":"publish","type":"page","link":"https:\/\/pscoatings.nl\/de\/antislipvloer\/","title":{"rendered":"Rutschfester Boden"},"content":{"rendered":"<p><em>Sicherheit und Nachhaltigkeit in einem. <\/em><\/p>\n<p><em>\u00a0<\/em><\/p>\n<p>M\u00f6chten Sie die Sicherheit am Arbeitsplatz verbessern und mehr Halt auf dem Boden haben? Dann entscheiden Sie sich f\u00fcr unsere Anti-Rutsch-Bodenbeschichtung. Die L\u00f6sung f\u00fcr eine sichere und nachhaltige Gesch\u00e4ftsetage, Gewerbefl\u00e4chen oder Ihr Badezimmer zu Hause. Gemeinsam sorgen wir f\u00fcr eine rutschfeste Umgebung, in der Sie sich sicher bewegen k\u00f6nnen.<\/p>\n<p>&nbsp;<\/p>\n<h3><strong>Rutschhemmende Bodenbeschichtung<\/strong><\/h3>\n<p>Rutschfeste B\u00f6den bieten hervorragenden Halt und halten hohen Belastungen stand. Mit der Wahl zwischen grober und heller K\u00f6rnung verleihen wir Ihrer Bodenoberfl\u00e4che ein einzigartiges Aussehen. W\u00e4hlen Sie unser spezielles Flockensystem in verschiedenen Farben f\u00fcr zus\u00e4tzliche Reliefwirkung und besonderen Effekt. Eine Lagerhalle, Gro\u00dfk\u00fcche, Bad oder Fabrikhalle erf\u00fcllt mit unseren B\u00f6den h\u00f6chste Sicherheitsstandards.<\/p>\n<p>Best\u00e4ndig gegen Chemikalien, Abnutzung und intensive Beanspruchung bieten wir Ihrem Boden \u00fcber mehrere Jahre hinweg optimalen Schutz.<\/p>\n<p>&nbsp;<\/p>\n<h3><strong>Linien und Sicherheitssymbole<\/strong><\/h3>\n<p><em>F\u00fcr Klarheit am Arbeitsplatz<\/em><strong>. <\/strong><\/p>\n<p>Sie haben spezielle W\u00fcnsche bez\u00fcglich Linien und Sicherheitssymbolen? Basierend auf unserer Erfahrung vertiefen wir uns in Ihren Gesch\u00e4ftsprozess, betrachten Sicherheitsaspekte am Arbeitsplatz und geben Ihnen fundierte Ratschl\u00e4ge f\u00fcr zus\u00e4tzliche Sicherheitsanwendungen auf Ihrem Boden. Kontaktieren Sie uns noch heute f\u00fcr eine unverbindliche Beratung und ein individuelles Angebot.<\/p>\n<p><strong>\u00a0<\/strong><\/p>\n<h3><strong>Rutschfester Badezimmerboden<\/strong><\/h3>\n<p>Rutschhemmende B\u00f6den erfreuen sich in Unternehmen, Werkst\u00e4tten, Autowaschanlagen, Parkh\u00e4usern und Fabriken gro\u00dfer Beliebtheit, aber auch Privatpersonen, die die Sicherheit in ihrem Zuhause verbessern m\u00f6chten, sind Fans unserer rutschfesten B\u00f6den.<\/p>\n<p>Beispielsweise ist ein rutschfester Guss-Badezimmerboden eine sichere und kluge Wahl, da er selbst bei nassem Boden ein Ausrutschen verhindert. Auch in Nassbereichen in der N\u00e4he von Schwimmb\u00e4dern kann ein rutschfester Boden eine L\u00f6sung f\u00fcr optimale Benutzerfreundlichkeit sein. Schaffen Sie absolute Sicherheit und verhindern Sie Unf\u00e4lle mit unseren Anti-Rutsch-B\u00f6den. Zeitlos, stilvoll und sicher.<\/p>\n<p><strong>\u00a0<\/strong><\/p>\n<h3><strong>Ein sicherer Boden <\/strong><\/h3>\n<p><em>Flexibel und engagiert bei jedem Job.<\/p>\n<p><\/em><\/p>\n<p>Unser Team aus Spezialisten arbeitet gut zusammen und sorgt f\u00fcr eine schnelle und professionelle Ausf\u00fchrung der Arbeiten. Bei unserer Arbeit steht f\u00fcr uns die Sicherheit Ihrer Mitarbeiter an erster Stelle, aber auch f\u00fcr unsere eigenen Mitarbeiter ist bestens gesorgt. Mit der richtigen pers\u00f6nlichen Schutzausr\u00fcstung sorgen wir f\u00fcr die Sicherheit unserer Mitarbeiter an Ihrem Arbeitsplatz. Mit fluoreszierender Kleidung, auff\u00e4lligen Helmen und dem richtigen Schuhwerk (gem\u00e4\u00df PSA-Vorschrift) treten wir auf den Plan und heben uns von der Masse ab. Mit VCA und BHV in der Tasche stellen wir sicher, dass wir bei Unf\u00e4llen ger\u00fcstet sind. Um eine reibungslose Abwicklung der Arbeiten zu gew\u00e4hrleisten, stellen wir einen Ansprechpartner vor Ort zur Verf\u00fcgung, der Ihr Unternehmen und das Projekt umfassend kennt. Ein Manager, der f\u00fcr eine korrekte F\u00fchrung des Personals und eine klare Koordination mit dem Kunden sorgt. Wir denken, dass das mindestens genauso wichtig ist.<\/p>\n<p>&nbsp;<\/p>\n<p>Neugierig, wie wir arbeiten? <a href=\"https:\/\/pscoatings.nl\/de\/contact\/\">Kontaktiere uns!<\/a><\/p>","protected":false},"excerpt":{"rendered":"<p>Veilig en duurzaamheid in \u00e9\u00e9n. \u00a0 Wilt u de veiligheid op de werkvloer verbeteren en meer grip op de vloer? Kies dan voor onze antislip vloercoating. D\u00e9 oplossing voor een veilige en duurzame bedrijfsvloer, commerci\u00eble ruimte \u00f3f uw badkamer thuis. Samen zorgen we voor een slipvrije omgeving waar u vol vertrouwen kunt bewegen. &nbsp; Anti [&hellip;]<\/p>\n","protected":false},"author":1,"featured_media":0,"parent":0,"menu_order":0,"comment_status":"closed","ping_status":"closed","template":"","meta":{"footnotes":""},"class_list":["post-152","page","type-page","status-publish","hentry"],"_links":{"self":[{"href":"https:\/\/pscoatings.nl\/de\/wp-json\/wp\/v2\/pages\/152","targetHints":{"allow":["GET"]}}],"collection":[{"href":"https:\/\/pscoatings.nl\/de\/wp-json\/wp\/v2\/pages"}],"about":[{"href":"https:\/\/pscoatings.nl\/de\/wp-json\/wp\/v2\/types\/page"}],"author":[{"embeddable":true,"href":"https:\/\/pscoatings.nl\/de\/wp-json\/wp\/v2\/users\/1"}],"replies":[{"embeddable":true,"href":"https:\/\/pscoatings.nl\/de\/wp-json\/wp\/v2\/comments?post=152"}],"version-history":[{"count":1,"href":"https:\/\/pscoatings.nl\/de\/wp-json\/wp\/v2\/pages\/152\/revisions"}],"predecessor-version":[{"id":153,"href":"https:\/\/pscoatings.nl\/de\/wp-json\/wp\/v2\/pages\/152\/revisions\/153"}],"wp:attachment":[{"href":"https:\/\/pscoatings.nl\/de\/wp-json\/wp\/v2\/media?parent=152"}],"curies":[{"name":"wp","href":"https:\/\/api.w.org\/{rel}","templated":true}]}}